{"id":630,"date":"2020-07-14T07:10:07","date_gmt":"2020-07-14T06:10:07","guid":{"rendered":"https:\/\/wendelhof.ch\/shop\/?post_type=product&#038;p=630"},"modified":"2022-12-01T15:27:51","modified_gmt":"2022-12-01T14:27:51","slug":"einkorn-granotto","status":"publish","type":"product","link":"https:\/\/wendelhof.ch\/shop\/produkt\/einkorn-granotto\/","title":{"rendered":"Einkorn Granotto"},"content":{"rendered":"<p>Eigene IP-Suisse Urproduktion, in der Schweiz veredelt und direkt vermarktet.<br \/>\nBesonders bek\u00f6mmlich.<\/p>\n<p><strong>Kochanleitung Safran Granotto<br \/>\n<\/strong>Kochdauer: 20 Minuten<\/p>\n<p>1 kleine Zwiebel gehackt +<br \/>\n2 Essl\u00f6ffel Raps\u00f6l &#8211; and\u00fcnsten<br \/>\n250 g Granotto &#8211; beigeben + glasig r\u00fchren<br \/>\n1 dl Weisswein &#8211; abl\u00f6schen + aufziehen lassen<br \/>\n5 dl Bouillon &#8211; beigeben + k\u00f6cheln lassen<br \/>\n1 Messerspitze Safran &#8211; beigeben<\/p>\n<p>Kurz vor dem Servieren mit 1 dl Rahm<br \/>\nund 50g Bergk\u00e4se verfeinern.<\/p>\n","protected":false},"excerpt":{"rendered":"<p>Ein Pack wiegt 500 g.<br \/>\n100 g = CHF 1.60<\/p>\n<p>&nbsp;<\/p>\n","protected":false},"featured_media":1583,"template":"","meta":[],"product_brand":[],"product_cat":[18],"product_tag":[],"class_list":{"0":"post-630","1":"product","2":"type-product","3":"status-publish","4":"has-post-thumbnail","6":"product_cat-einkorn-und-urdinkel","8":"first","9":"instock","10":"taxable","11":"shipping-taxable","12":"purchasable","13":"product-type-simple"},"_links":{"self":[{"href":"https:\/\/wendelhof.ch\/shop\/wp-json\/wp\/v2\/product\/630","targetHints":{"allow":["GET"]}}],"collection":[{"href":"https:\/\/wendelhof.ch\/shop\/wp-json\/wp\/v2\/product"}],"about":[{"href":"https:\/\/wendelhof.ch\/shop\/wp-json\/wp\/v2\/types\/product"}],"wp:featuredmedia":[{"embeddable":true,"href":"https:\/\/wendelhof.ch\/shop\/wp-json\/wp\/v2\/media\/1583"}],"wp:attachment":[{"href":"https:\/\/wendelhof.ch\/shop\/wp-json\/wp\/v2\/media?parent=630"}],"wp:term":[{"taxonomy":"product_brand","embeddable":true,"href":"https:\/\/wendelhof.ch\/shop\/wp-json\/wp\/v2\/product_brand?post=630"},{"taxonomy":"product_cat","embeddable":true,"href":"https:\/\/wendelhof.ch\/shop\/wp-json\/wp\/v2\/product_cat?post=630"},{"taxonomy":"product_tag","embeddable":true,"href":"https:\/\/wendelhof.ch\/shop\/wp-json\/wp\/v2\/product_tag?post=630"}],"curies":[{"name":"wp","href":"https:\/\/api.w.org\/{rel}","templated":true}]}}