{"id":320,"date":"2020-05-09T07:53:48","date_gmt":"2020-05-09T06:53:48","guid":{"rendered":"https:\/\/wendelhof.ch\/shop\/?post_type=product&#038;p=320"},"modified":"2024-08-22T07:36:04","modified_gmt":"2024-08-22T06:36:04","slug":"lamafleisch-getrocknet-am-stueck","status":"publish","type":"product","link":"https:\/\/wendelhof.ch\/shop\/produkt\/lamafleisch-getrocknet-am-stueck\/","title":{"rendered":"Lamafleisch getrocknet am St\u00fcck"},"content":{"rendered":"<p>Schweizer Lamafleisch getrocknet aus eigener Hofproduktion,<br \/>\neinzeln verpackt und vaccuumiert.<\/p>\n","protected":false},"excerpt":{"rendered":"<p>Ein St\u00fcck wiegt ca. 130 g.<\/p>\n<p>100 g = CHF 8.95<\/p>\n<p>gr\u00f6ssere St\u00fccke sind auch m\u00f6glich<\/p>\n<p>&nbsp;<\/p>\n","protected":false},"featured_media":411,"template":"","meta":[],"product_brand":[],"product_cat":[19],"product_tag":[],"class_list":{"0":"post-320","1":"product","2":"type-product","3":"status-publish","4":"has-post-thumbnail","6":"product_cat-lamafleisch-getrocknet","8":"first","9":"instock","10":"taxable","11":"shipping-taxable","12":"purchasable","13":"product-type-simple"},"_links":{"self":[{"href":"https:\/\/wendelhof.ch\/shop\/wp-json\/wp\/v2\/product\/320","targetHints":{"allow":["GET"]}}],"collection":[{"href":"https:\/\/wendelhof.ch\/shop\/wp-json\/wp\/v2\/product"}],"about":[{"href":"https:\/\/wendelhof.ch\/shop\/wp-json\/wp\/v2\/types\/product"}],"wp:featuredmedia":[{"embeddable":true,"href":"https:\/\/wendelhof.ch\/shop\/wp-json\/wp\/v2\/media\/411"}],"wp:attachment":[{"href":"https:\/\/wendelhof.ch\/shop\/wp-json\/wp\/v2\/media?parent=320"}],"wp:term":[{"taxonomy":"product_brand","embeddable":true,"href":"https:\/\/wendelhof.ch\/shop\/wp-json\/wp\/v2\/product_brand?post=320"},{"taxonomy":"product_cat","embeddable":true,"href":"https:\/\/wendelhof.ch\/shop\/wp-json\/wp\/v2\/product_cat?post=320"},{"taxonomy":"product_tag","embeddable":true,"href":"https:\/\/wendelhof.ch\/shop\/wp-json\/wp\/v2\/product_tag?post=320"}],"curies":[{"name":"wp","href":"https:\/\/api.w.org\/{rel}","templated":true}]}}