{"id":284,"date":"2020-04-30T10:43:09","date_gmt":"2020-04-30T09:43:09","guid":{"rendered":"https:\/\/wendelhof.ch\/shop\/?post_type=product&#038;p=284"},"modified":"2020-08-31T14:46:38","modified_gmt":"2020-08-31T13:46:38","slug":"square","status":"publish","type":"product","link":"https:\/\/wendelhof.ch\/shop\/produkt\/square\/","title":{"rendered":"Lamaledertasche Square"},"content":{"rendered":"<p>Einerseits eignet sich die Gr\u00f6sse dieser Shoppingtasche f\u00fcr kleine Tageseink\u00e4ufe,<br \/>\nandererseits hat sie das ideale Format f\u00fcr Laptop und A4-Dokumente.<\/p>\n<p>&nbsp;<\/p>\n","protected":false},"excerpt":{"rendered":"<p>Lamaleder aus Eigenproduktion,<br \/>\nin der Schweiz gegerbt und handverarbeitet.<\/p>\n<p>&nbsp;<\/p>\n","protected":false},"featured_media":419,"template":"","meta":[],"product_brand":[],"product_cat":[20],"product_tag":[],"class_list":{"0":"post-284","1":"product","2":"type-product","3":"status-publish","4":"has-post-thumbnail","6":"product_cat-lamaleder-fell","8":"first","9":"instock","10":"taxable","11":"shipping-taxable","12":"purchasable","13":"product-type-variable"},"_links":{"self":[{"href":"https:\/\/wendelhof.ch\/shop\/wp-json\/wp\/v2\/product\/284","targetHints":{"allow":["GET"]}}],"collection":[{"href":"https:\/\/wendelhof.ch\/shop\/wp-json\/wp\/v2\/product"}],"about":[{"href":"https:\/\/wendelhof.ch\/shop\/wp-json\/wp\/v2\/types\/product"}],"wp:featuredmedia":[{"embeddable":true,"href":"https:\/\/wendelhof.ch\/shop\/wp-json\/wp\/v2\/media\/419"}],"wp:attachment":[{"href":"https:\/\/wendelhof.ch\/shop\/wp-json\/wp\/v2\/media?parent=284"}],"wp:term":[{"taxonomy":"product_brand","embeddable":true,"href":"https:\/\/wendelhof.ch\/shop\/wp-json\/wp\/v2\/product_brand?post=284"},{"taxonomy":"product_cat","embeddable":true,"href":"https:\/\/wendelhof.ch\/shop\/wp-json\/wp\/v2\/product_cat?post=284"},{"taxonomy":"product_tag","embeddable":true,"href":"https:\/\/wendelhof.ch\/shop\/wp-json\/wp\/v2\/product_tag?post=284"}],"curies":[{"name":"wp","href":"https:\/\/api.w.org\/{rel}","templated":true}]}}